{"id":2455,"date":"2020-04-21T16:31:15","date_gmt":"2020-04-21T15:31:15","guid":{"rendered":"https:\/\/ticinoatavola.ch\/?page_id=2455"},"modified":"2025-10-19T15:20:46","modified_gmt":"2025-10-19T14:20:46","slug":"il-progetto-fatto-in-casa","status":"publish","type":"page","link":"https:\/\/ticinoatavola.ch\/index.php\/il-progetto-fatto-in-casa\/","title":{"rendered":"Fatto in casa"},"content":{"rendered":"<div class=\"wpb-content-wrapper\"><p>[vc_row][vc_column][vc_column_text css=&#8221;&#8221;]<\/p>\n<div>\n<h1><strong>\u201cFatto in casa\u201d<br \/>\n<\/strong><\/h1>\n<p><strong>Oltre un&#8217;ottantina i locali iscritti all\u2019iniziativa di Ticino a Tavola e GastroTicino<\/strong><\/p>\n<p>Proseguono le iscrizioni dei ristoranti interessati ad aderire all\u2019iniziativa lanciata da GastroTicino e Ticino a Tavola, dopo un accordo con l&#8217;ACSI che ha ritirato il proprio progetto &#8220;Ristoranti che cucinano&#8221;.<\/p>\n<p>La ristorazione in Ticino punta molto sui prodotti regionali, per differenziarsi dalla concorrenza. L&#8217;iniziativa &#8220;Ticino a Tavola&#8221; \u00e8 l&#8217;espressione di questa filosofia: i ristoranti aderenti offrono tutto l&#8217;anno piatti preparati con prodotti ticinesi e serviti con vini ticinesi. L&#8217;idea coglie nel segno, poich\u00e9 la regionalit\u00e0 e l&#8217;autenticit\u00e0 hanno riacquisito il loro ruolo centrale. E per valorizzare maggiormente l\u2019utilizzo dei prodotti del territorio, GastroTicino ha lanciato proprio per i ristoranti legati a Ticino a Tavola, il progetto \u201cFatto in casa\u201d: progetto che promuove i locali che scelgono di proporre ai clienti piatti preparati, lavorati e cotti interamente nella cucina del ristorante.<\/p>\n<p>I \u201cconvenience food\u201d (piatti precucinati) hanno un ruolo importante nella ristorazione, in ragione della loro praticit\u00e0 d\u2019uso, conservabilit\u00e0 e prezzi contenuti. Il progetto \u201cFatto in casa\u201d non mette in discussione la qualit\u00e0 dei \u201cconvenience food\u201d e nemmeno l\u2019utilit\u00e0 per il settore della ristorazione, soprattutto di quella \u201cveloce\u201d. Tuttavia, nell\u2019ottica di una sempre maggiore trasparenza verso i clienti, GastroTicino ha varato nel 2016 e per prima in Svizzera, proprio il progetto \u201cFatto in casa\u201d per dar modo al cliente di sapere se in un certo ristorante gli vengano serviti cibi \u201cfait maison\u201d o prodotti industriali precucinati.<\/p>\n<p>Le iscrizioni all\u2019iniziativa sono sempre aperte e chi volesse aderire, pu\u00f2 compilare il formulario online cliccando sul link qui sotto. Il grande pubblico dei buongustai scoprir\u00e0 i ristoranti su questo sito e li riconoscer\u00e0 da un adesivo e\/o da una targa all\u2019esterno o all\u2019interno dei locali.<\/p>\n<\/div>\n<p>[\/vc_column_text][\/vc_column][\/vc_row][vc_row][vc_column][vc_btn title=&#8221;ISCRIZIONI 2025-26: compila il formulario online&#8221; style=&#8221;flat&#8221; shape=&#8221;square&#8221; color=&#8221;blue&#8221; size=&#8221;lg&#8221; align=&#8221;left&#8221; i_icon_fontawesome=&#8221;fas fa-external-link-alt&#8221; css=&#8221;&#8221; button_block=&#8221;true&#8221; add_icon=&#8221;true&#8221; link=&#8221;url:https%3A%2F%2Fforms.gle%2FuznN9Fu3oTPvhJDy6|target:_blank&#8221;][\/vc_column][\/vc_row][vc_row][vc_column][vc_tta_accordion shape=&#8221;square&#8221; c_icon=&#8221;chevron&#8221; active_section=&#8221;55&#8243; collapsible_all=&#8221;true&#8221;][vc_tta_section title=&#8221;Projekt \u201cHausgemacht\u201d&#8221; tab_id=&#8221;1583924014076-8f531edd-8fda&#8221;][vc_column_text]<\/p>\n<div>\n<p><strong>Die von Gastro Ticino und Ticino a Tavola lancierte Initiative \u201eHausgemacht\u201c erweckt Interesse und verzeichnet positive Kommentare.<\/strong><\/p>\n<p>Die Initiative \u201cHausgemacht\u201d wurde nach einem Abkommen mit der Konsumentenvereinigung der italienischen Schweiz ACSI, die ihr eigenes Projekt \u201dRestaurants die kochen\u201d eingestellt hat, lanciert.<\/p>\n<p>Die Initiative wertet jene Gastst\u00e4tten auf, in welchen schon jetzt alle Gerichte im Lokal vorbereitet, bearbeitet und gekocht werden!<\/p>\n<p>Anmeldungen zur Teilnahme an \u201eHausgemacht\u201c sind jederzeit m\u00f6glich; Gastwirte, die an einer Beteiligung interessiert sind k\u00f6nnen die Dokumente von der Webseite fattoincasa.ch herunterladen! Das zahlreiche Feinschmeckerpublikum findet die Restaurants auf der Webseite und kann sie an einem im Aussenbereich der Lokale angebrachten Aufkleber oder Schild erkennen.<\/p>\n<\/div>\n<p>[\/vc_column_text][\/vc_tta_section][vc_tta_section title=&#8221;Projet \u201cFait maison\u201d&#8221; tab_id=&#8221;1583924014110-47b317b1-62a7&#8243;][vc_column_text]<\/p>\n<div>\n<p><strong>Des int\u00e9r\u00eats et des commentaires positifs pour \u201cFait maison\u201d, l\u2019initiative lanc\u00e9e par GastroTicino et Ticino a Tavola.<\/strong><\/p>\n<p>L\u2019initiative \u201cFait maison\u201d a \u00e9t\u00e9 lanc\u00e9e apr\u00e8s un accord avec l&#8217;ACSI, l&#8217;association de consommateurs de la Suisse italienne qui a retir\u00e9 son propre projet &#8220;Restaurants qui cuisinent&#8221;.<\/p>\n<p>L\u2019initiative valorise les restaurants qui pr\u00e9parent, travaillent et cuisinent d\u00e9j\u00e0 tout dans leur cuisine!<\/p>\n<p>Les inscriptions \u00e0 \u201cFait maison\u201d sont toujours ouvertes; les restaurateurs int\u00e9ress\u00e9s \u00e0 adh\u00e9rer au projet peuvent t\u00e9l\u00e9charger les documents sur le site! Le grand public des gourmets peut d\u00e9couvrir les restaurants sur le site fattoincasa.ch et les reconnaitra par un adh\u00e9sif ou une plaque \u00e0 l\u2019ext\u00e9rieur des restaurants.<\/p>\n<\/div>\n<p>[\/vc_column_text][\/vc_tta_section][vc_tta_section title=&#8221;\u201cHome-made\u201d project&#8221; tab_id=&#8221;1583924408910-1a785fa8-248c&#8221;][vc_column_text]<\/p>\n<div>\n<p><strong>Interest in and positive feedback on \u201cHome-made\u201d, the enterprise launched by GastroTicino and Ticino a Tavola<\/strong><\/p>\n<p>\u201cHome-made\u201d has been launched following an agreement with the Swiss Italian Consumer Association ACSI, which has withdrawn its \u201cRestaurants that cook\u201d project.<\/p>\n<p>It highlights the worth of restaurants that already prepare food the restaurant\u2019s kitchen!<\/p>\n<p>Enrollment to \u201cHome-made\u201d is open on an ongoing basis. Those who are interested in enrolling can download the relative documents from fattoincasa.ch! The vast gourmand public can check out the restaurants on the website and will recognize them thanks to a sticker or a plaque outside each restaurant.<\/p>\n<\/div>\n<p>[\/vc_column_text][\/vc_tta_section][vc_tta_section title=&#8221;Regolamento Fatto in casa&#8221; tab_id=&#8221;1744023951726-38918074-5d21&#8243;][vc_column_text css=&#8221;&#8221;]Clicca qui per scaricare il <a href=\"https:\/\/ticinoatavola.ch\/wp-content\/uploads\/2025\/10\/Regolamento_Fatto_in_casa_2025_2026_2027.pdf\" target=\"_blank\" rel=\"noopener\">REGOLAMENTO <\/a>di Fatto in casa[\/vc_column_text][\/vc_tta_section][\/vc_tta_accordion][\/vc_column][\/vc_row]<\/p>\n<\/div>","protected":false},"excerpt":{"rendered":"<p>[vc_row][vc_column][vc_column_text css=&#8221;&#8221;] \u201cFatto in casa\u201d Oltre un&#8217;ottantina i locali iscritti all\u2019iniziativa di Ticino a Tavola e GastroTicino Proseguono le iscrizioni dei ristoranti interessati ad aderire all\u2019iniziativa lanciata da GastroTicino e Ticino a Tavola, dopo un accordo con l&#8217;ACSI che ha&#8230;<\/p>\n","protected":false},"author":1,"featured_media":0,"parent":0,"menu_order":0,"comment_status":"closed","ping_status":"closed","template":"","meta":{"inline_featured_image":false,"footnotes":""},"class_list":["post-2455","page","type-page","status-publish"],"_links":{"self":[{"href":"https:\/\/ticinoatavola.ch\/index.php\/wp-json\/wp\/v2\/pages\/2455","targetHints":{"allow":["GET"]}}],"collection":[{"href":"https:\/\/ticinoatavola.ch\/index.php\/wp-json\/wp\/v2\/pages"}],"about":[{"href":"https:\/\/ticinoatavola.ch\/index.php\/wp-json\/wp\/v2\/types\/page"}],"author":[{"embeddable":true,"href":"https:\/\/ticinoatavola.ch\/index.php\/wp-json\/wp\/v2\/users\/1"}],"replies":[{"embeddable":true,"href":"https:\/\/ticinoatavola.ch\/index.php\/wp-json\/wp\/v2\/comments?post=2455"}],"version-history":[{"count":7,"href":"https:\/\/ticinoatavola.ch\/index.php\/wp-json\/wp\/v2\/pages\/2455\/revisions"}],"predecessor-version":[{"id":7206,"href":"https:\/\/ticinoatavola.ch\/index.php\/wp-json\/wp\/v2\/pages\/2455\/revisions\/7206"}],"wp:attachment":[{"href":"https:\/\/ticinoatavola.ch\/index.php\/wp-json\/wp\/v2\/media?parent=2455"}],"curies":[{"name":"wp","href":"https:\/\/api.w.org\/{rel}","templated":true}]}}